{"id":315,"date":"2020-03-02T19:05:52","date_gmt":"2020-03-02T19:05:52","guid":{"rendered":"http:\/\/forstundgartenpflege.de\/?page_id=315"},"modified":"2020-06-08T05:49:56","modified_gmt":"2020-06-08T05:49:56","slug":"pflege-von-aussenanlagen","status":"publish","type":"page","link":"https:\/\/forstundgartenpflege.de\/?page_id=315","title":{"rendered":"Pflege von Au\u00dfenanlagen"},"content":{"rendered":"\n<p><strong>Bei der Pflege Ihres Gartens bzw. Au\u00dfenanlagen m\u00f6chten wir Sie gerne unterst\u00fctzen. <\/strong><br><strong>Hierzu bieten wir Ihnen folgene Leistungen an:<\/strong><\/p>\n\n\n\n<div class=\"wp-block-group has-very-light-gray-background-color has-very-dark-gray-color has-text-color has-background\"><div class=\"wp-block-group__inner-container is-layout-flow wp-block-group-is-layout-flow\">\n<ul class=\"wp-block-list\"><li>Gartenpflege <\/li><li>Rasenm\u00e4hen<\/li><li>Baum-, Strauch- und Heckenschnitt<\/li><li>Baum- und Geh\u00f6lzanpflanzungen<\/li><li>Pflege und Neuanlage von Beeten<\/li><li>Anlage von Rasenfl\u00e4chen<\/li><li>Entfernung von Herbstlaub<\/li><li>Entsorgung von Gartenabf\u00e4llen<\/li><\/ul>\n<\/div><\/div>\n\n\n\n<figure class=\"wp-block-gallery columns-3 is-cropped wp-block-gallery-1 is-layout-flex wp-block-gallery-is-layout-flex\"><ul class=\"blocks-gallery-grid\"><li class=\"blocks-gallery-item\"><figure><img loading=\"lazy\" decoding=\"async\" width=\"1024\" height=\"768\" src=\"https:\/\/forstundgartenpflege.de\/wp-content\/uploads\/2020\/06\/88ddfe2a-9aae-416b-b581-5e43e41057a8-1.jpg\" alt=\"\" data-id=\"642\" data-full-url=\"https:\/\/forstundgartenpflege.de\/wp-content\/uploads\/2020\/06\/88ddfe2a-9aae-416b-b581-5e43e41057a8-1.jpg\" data-link=\"https:\/\/forstundgartenpflege.de\/?attachment_id=642\" class=\"wp-image-642\" srcset=\"https:\/\/forstundgartenpflege.de\/wp-content\/uploads\/2020\/06\/88ddfe2a-9aae-416b-b581-5e43e41057a8-1.jpg 1024w, https:\/\/forstundgartenpflege.de\/wp-content\/uploads\/2020\/06\/88ddfe2a-9aae-416b-b581-5e43e41057a8-1-300x225.jpg 300w, https:\/\/forstundgartenpflege.de\/wp-content\/uploads\/2020\/06\/88ddfe2a-9aae-416b-b581-5e43e41057a8-1-768x576.jpg 768w\" sizes=\"auto, (max-width: 1024px) 100vw, 1024px\" \/><\/figure><\/li><li class=\"blocks-gallery-item\"><figure><img loading=\"lazy\" decoding=\"async\" width=\"1024\" height=\"768\" src=\"https:\/\/forstundgartenpflege.de\/wp-content\/uploads\/2020\/06\/Foto-07.04.20-15-50-33-1024x768.jpg\" alt=\"\" data-id=\"643\" data-full-url=\"https:\/\/forstundgartenpflege.de\/wp-content\/uploads\/2020\/06\/Foto-07.04.20-15-50-33-scaled.jpg\" data-link=\"https:\/\/forstundgartenpflege.de\/?attachment_id=643\" class=\"wp-image-643\" srcset=\"https:\/\/forstundgartenpflege.de\/wp-content\/uploads\/2020\/06\/Foto-07.04.20-15-50-33-1024x768.jpg 1024w, https:\/\/forstundgartenpflege.de\/wp-content\/uploads\/2020\/06\/Foto-07.04.20-15-50-33-300x225.jpg 300w, https:\/\/forstundgartenpflege.de\/wp-content\/uploads\/2020\/06\/Foto-07.04.20-15-50-33-768x576.jpg 768w, https:\/\/forstundgartenpflege.de\/wp-content\/uploads\/2020\/06\/Foto-07.04.20-15-50-33-1536x1152.jpg 1536w, https:\/\/forstundgartenpflege.de\/wp-content\/uploads\/2020\/06\/Foto-07.04.20-15-50-33-2048x1536.jpg 2048w\" sizes=\"auto, (max-width: 1024px) 100vw, 1024px\" \/><\/figure><\/li><li class=\"blocks-gallery-item\"><figure><img loading=\"lazy\" decoding=\"async\" width=\"768\" height=\"1024\" src=\"https:\/\/forstundgartenpflege.de\/wp-content\/uploads\/2020\/06\/Foto-14.04.20-16-00-58-1-768x1024.jpg\" alt=\"\" data-id=\"644\" data-full-url=\"https:\/\/forstundgartenpflege.de\/wp-content\/uploads\/2020\/06\/Foto-14.04.20-16-00-58-1-scaled.jpg\" data-link=\"https:\/\/forstundgartenpflege.de\/?attachment_id=644\" class=\"wp-image-644\" srcset=\"https:\/\/forstundgartenpflege.de\/wp-content\/uploads\/2020\/06\/Foto-14.04.20-16-00-58-1-768x1024.jpg 768w, https:\/\/forstundgartenpflege.de\/wp-content\/uploads\/2020\/06\/Foto-14.04.20-16-00-58-1-225x300.jpg 225w, https:\/\/forstundgartenpflege.de\/wp-content\/uploads\/2020\/06\/Foto-14.04.20-16-00-58-1-1152x1536.jpg 1152w, https:\/\/forstundgartenpflege.de\/wp-content\/uploads\/2020\/06\/Foto-14.04.20-16-00-58-1-1536x2048.jpg 1536w, https:\/\/forstundgartenpflege.de\/wp-content\/uploads\/2020\/06\/Foto-14.04.20-16-00-58-1-scaled.jpg 1920w\" sizes=\"auto, (max-width: 768px) 100vw, 768px\" \/><\/figure><\/li><\/ul><\/figure>\n\n\n\n<figure class=\"wp-block-gallery columns-2 is-cropped wp-block-gallery-2 is-layout-flex wp-block-gallery-is-layout-flex\"><ul class=\"blocks-gallery-grid\"><li class=\"blocks-gallery-item\"><figure><img loading=\"lazy\" decoding=\"async\" width=\"1024\" height=\"768\" src=\"https:\/\/forstundgartenpflege.de\/wp-content\/uploads\/2020\/06\/Foto-08.04.20-17-28-56-3-1024x768.jpg\" alt=\"\" data-id=\"615\" data-link=\"https:\/\/forstundgartenpflege.de\/?attachment_id=615\" class=\"wp-image-615\" srcset=\"https:\/\/forstundgartenpflege.de\/wp-content\/uploads\/2020\/06\/Foto-08.04.20-17-28-56-3-1024x768.jpg 1024w, https:\/\/forstundgartenpflege.de\/wp-content\/uploads\/2020\/06\/Foto-08.04.20-17-28-56-3-300x225.jpg 300w, https:\/\/forstundgartenpflege.de\/wp-content\/uploads\/2020\/06\/Foto-08.04.20-17-28-56-3-768x576.jpg 768w, https:\/\/forstundgartenpflege.de\/wp-content\/uploads\/2020\/06\/Foto-08.04.20-17-28-56-3-1536x1152.jpg 1536w, https:\/\/forstundgartenpflege.de\/wp-content\/uploads\/2020\/06\/Foto-08.04.20-17-28-56-3-2048x1536.jpg 2048w\" sizes=\"auto, (max-width: 1024px) 100vw, 1024px\" \/><\/figure><\/li><li class=\"blocks-gallery-item\"><figure><img loading=\"lazy\" decoding=\"async\" width=\"1024\" height=\"768\" src=\"https:\/\/forstundgartenpflege.de\/wp-content\/uploads\/2020\/06\/Foto-11.04.20-13-01-44-1-1-1024x768.jpg\" alt=\"\" data-id=\"616\" data-link=\"https:\/\/forstundgartenpflege.de\/?attachment_id=616\" class=\"wp-image-616\" srcset=\"https:\/\/forstundgartenpflege.de\/wp-content\/uploads\/2020\/06\/Foto-11.04.20-13-01-44-1-1-1024x768.jpg 1024w, https:\/\/forstundgartenpflege.de\/wp-content\/uploads\/2020\/06\/Foto-11.04.20-13-01-44-1-1-300x225.jpg 300w, https:\/\/forstundgartenpflege.de\/wp-content\/uploads\/2020\/06\/Foto-11.04.20-13-01-44-1-1-768x576.jpg 768w, https:\/\/forstundgartenpflege.de\/wp-content\/uploads\/2020\/06\/Foto-11.04.20-13-01-44-1-1-1536x1152.jpg 1536w, https:\/\/forstundgartenpflege.de\/wp-content\/uploads\/2020\/06\/Foto-11.04.20-13-01-44-1-1-2048x1536.jpg 2048w\" sizes=\"auto, (max-width: 1024px) 100vw, 1024px\" \/><\/figure><\/li><li class=\"blocks-gallery-item\"><figure><img loading=\"lazy\" decoding=\"async\" width=\"1024\" height=\"768\" src=\"https:\/\/forstundgartenpflege.de\/wp-content\/uploads\/2020\/06\/Foto-17.04.20-18-39-36-1-1024x768.jpg\" alt=\"\" data-id=\"619\" data-link=\"https:\/\/forstundgartenpflege.de\/?attachment_id=619\" class=\"wp-image-619\" srcset=\"https:\/\/forstundgartenpflege.de\/wp-content\/uploads\/2020\/06\/Foto-17.04.20-18-39-36-1-1024x768.jpg 1024w, https:\/\/forstundgartenpflege.de\/wp-content\/uploads\/2020\/06\/Foto-17.04.20-18-39-36-1-300x225.jpg 300w, https:\/\/forstundgartenpflege.de\/wp-content\/uploads\/2020\/06\/Foto-17.04.20-18-39-36-1-768x576.jpg 768w, https:\/\/forstundgartenpflege.de\/wp-content\/uploads\/2020\/06\/Foto-17.04.20-18-39-36-1-1536x1152.jpg 1536w, https:\/\/forstundgartenpflege.de\/wp-content\/uploads\/2020\/06\/Foto-17.04.20-18-39-36-1-2048x1536.jpg 2048w\" sizes=\"auto, (max-width: 1024px) 100vw, 1024px\" \/><\/figure><\/li><li class=\"blocks-gallery-item\"><figure><img loading=\"lazy\" decoding=\"async\" width=\"1024\" height=\"768\" src=\"https:\/\/forstundgartenpflege.de\/wp-content\/uploads\/2020\/06\/Foto-17.04.20-18-39-11-1024x768.jpg\" alt=\"\" data-id=\"620\" data-full-url=\"https:\/\/forstundgartenpflege.de\/wp-content\/uploads\/2020\/06\/Foto-17.04.20-18-39-11-scaled.jpg\" data-link=\"https:\/\/forstundgartenpflege.de\/?attachment_id=620\" class=\"wp-image-620\" srcset=\"https:\/\/forstundgartenpflege.de\/wp-content\/uploads\/2020\/06\/Foto-17.04.20-18-39-11-1024x768.jpg 1024w, https:\/\/forstundgartenpflege.de\/wp-content\/uploads\/2020\/06\/Foto-17.04.20-18-39-11-300x225.jpg 300w, https:\/\/forstundgartenpflege.de\/wp-content\/uploads\/2020\/06\/Foto-17.04.20-18-39-11-768x576.jpg 768w, https:\/\/forstundgartenpflege.de\/wp-content\/uploads\/2020\/06\/Foto-17.04.20-18-39-11-1536x1152.jpg 1536w, https:\/\/forstundgartenpflege.de\/wp-content\/uploads\/2020\/06\/Foto-17.04.20-18-39-11-2048x1536.jpg 2048w\" sizes=\"auto, (max-width: 1024px) 100vw, 1024px\" \/><\/figure><\/li><\/ul><\/figure>\n\n\n\n<p><\/p>\n","protected":false},"excerpt":{"rendered":"<p>Bei der Pflege Ihres Gartens bzw. Au\u00dfenanlagen m\u00f6chten wir Sie gerne unterst\u00fctzen. Hierzu bieten wir Ihnen folgene Leistungen an: Gartenpflege Rasenm\u00e4hen Baum-, Strauch- und Heckenschnitt Baum- und Geh\u00f6lzanpflanzungen Pflege und Neuanlage von Beeten Anlage von Rasenfl\u00e4chen Entfernung von Herbstlaub Entsorgung von Gartenabf\u00e4llen<\/p>\n","protected":false},"author":1,"featured_media":0,"parent":0,"menu_order":0,"comment_status":"closed","ping_status":"closed","template":"","meta":{"footnotes":""},"class_list":["post-315","page","type-page","status-publish","hentry"],"_links":{"self":[{"href":"https:\/\/forstundgartenpflege.de\/index.php?rest_route=\/wp\/v2\/pages\/315","targetHints":{"allow":["GET"]}}],"collection":[{"href":"https:\/\/forstundgartenpflege.de\/index.php?rest_route=\/wp\/v2\/pages"}],"about":[{"href":"https:\/\/forstundgartenpflege.de\/index.php?rest_route=\/wp\/v2\/types\/page"}],"author":[{"embeddable":true,"href":"https:\/\/forstundgartenpflege.de\/index.php?rest_route=\/wp\/v2\/users\/1"}],"replies":[{"embeddable":true,"href":"https:\/\/forstundgartenpflege.de\/index.php?rest_route=%2Fwp%2Fv2%2Fcomments&post=315"}],"version-history":[{"count":12,"href":"https:\/\/forstundgartenpflege.de\/index.php?rest_route=\/wp\/v2\/pages\/315\/revisions"}],"predecessor-version":[{"id":645,"href":"https:\/\/forstundgartenpflege.de\/index.php?rest_route=\/wp\/v2\/pages\/315\/revisions\/645"}],"wp:attachment":[{"href":"https:\/\/forstundgartenpflege.de\/index.php?rest_route=%2Fwp%2Fv2%2Fmedia&parent=315"}],"curies":[{"name":"wp","href":"https:\/\/api.w.org\/{rel}","templated":true}]}}