{"id":317,"date":"2020-03-02T19:05:52","date_gmt":"2020-03-02T19:05:52","guid":{"rendered":"http:\/\/forstundgartenpflege.de\/?page_id=317"},"modified":"2022-03-30T14:03:12","modified_gmt":"2022-03-30T14:03:12","slug":"baumfaellungen","status":"publish","type":"page","link":"https:\/\/forstundgartenpflege.de\/?page_id=317","title":{"rendered":"Baumf\u00e4llungen"},"content":{"rendered":"\n<p><strong>Hierzu bieten wir Ihnen folgene Leistungen an:<\/strong><\/p>\n\n\n\n<div class=\"wp-block-group has-very-light-gray-background-color has-background\"><div class=\"wp-block-group__inner-container is-layout-flow wp-block-group-is-layout-flow\">\n<ul class=\"wp-block-list\"><li>F\u00e4llung von B\u00e4umen <\/li><li>Beseitigung von Sturmsch\u00e4den<\/li><li>Entsorgung von \u00c4sten und Stammholz<\/li><li>Verarbeitung von Stammholz zu Kaminholz<\/li><li>Wurzelentfernung <\/li><li>Baum- und Geh\u00f6lzpflanzungen<\/li><\/ul>\n<\/div><\/div>\n\n\n\n<figure class=\"wp-block-gallery has-nested-images columns-default is-cropped wp-block-gallery-1 is-layout-flex wp-block-gallery-is-layout-flex\">\n<figure class=\"wp-block-image\"><img loading=\"lazy\" decoding=\"async\" width=\"576\" height=\"1024\" data-id=\"595\" src=\"https:\/\/forstundgartenpflege.de\/wp-content\/uploads\/2020\/06\/37f1c10d-fb28-4e06-a9bb-f92f4faae1d4-1.jpg\" alt=\"\" class=\"wp-image-595\" srcset=\"https:\/\/forstundgartenpflege.de\/wp-content\/uploads\/2020\/06\/37f1c10d-fb28-4e06-a9bb-f92f4faae1d4-1.jpg 576w, https:\/\/forstundgartenpflege.de\/wp-content\/uploads\/2020\/06\/37f1c10d-fb28-4e06-a9bb-f92f4faae1d4-1-169x300.jpg 169w\" sizes=\"auto, (max-width: 576px) 100vw, 576px\" \/><\/figure>\n\n\n\n<figure class=\"wp-block-image\"><img loading=\"lazy\" decoding=\"async\" width=\"768\" height=\"1024\" data-id=\"603\" src=\"https:\/\/forstundgartenpflege.de\/wp-content\/uploads\/2020\/06\/Foto-17.03.18-11-58-20-1-768x1024.jpg\" alt=\"\" class=\"wp-image-603\" srcset=\"https:\/\/forstundgartenpflege.de\/wp-content\/uploads\/2020\/06\/Foto-17.03.18-11-58-20-1-768x1024.jpg 768w, https:\/\/forstundgartenpflege.de\/wp-content\/uploads\/2020\/06\/Foto-17.03.18-11-58-20-1-225x300.jpg 225w, https:\/\/forstundgartenpflege.de\/wp-content\/uploads\/2020\/06\/Foto-17.03.18-11-58-20-1-1152x1536.jpg 1152w, https:\/\/forstundgartenpflege.de\/wp-content\/uploads\/2020\/06\/Foto-17.03.18-11-58-20-1-1536x2048.jpg 1536w, https:\/\/forstundgartenpflege.de\/wp-content\/uploads\/2020\/06\/Foto-17.03.18-11-58-20-1-scaled.jpg 1920w\" sizes=\"auto, (max-width: 768px) 100vw, 768px\" \/><\/figure>\n\n\n\n<figure class=\"wp-block-image\"><img loading=\"lazy\" decoding=\"async\" width=\"576\" height=\"1024\" data-id=\"596\" src=\"https:\/\/forstundgartenpflege.de\/wp-content\/uploads\/2020\/06\/dfd5ce70-2a59-47fd-9f77-1d631652e037-1.jpg\" alt=\"\" class=\"wp-image-596\" srcset=\"https:\/\/forstundgartenpflege.de\/wp-content\/uploads\/2020\/06\/dfd5ce70-2a59-47fd-9f77-1d631652e037-1.jpg 576w, https:\/\/forstundgartenpflege.de\/wp-content\/uploads\/2020\/06\/dfd5ce70-2a59-47fd-9f77-1d631652e037-1-169x300.jpg 169w\" sizes=\"auto, (max-width: 576px) 100vw, 576px\" \/><\/figure>\n\n\n\n<figure class=\"wp-block-image\"><img loading=\"lazy\" decoding=\"async\" width=\"1024\" height=\"768\" data-id=\"597\" src=\"https:\/\/forstundgartenpflege.de\/wp-content\/uploads\/2020\/06\/Foto-18.05.19-09-08-40-1-1024x768.jpg\" alt=\"\" class=\"wp-image-597\" srcset=\"https:\/\/forstundgartenpflege.de\/wp-content\/uploads\/2020\/06\/Foto-18.05.19-09-08-40-1-1024x768.jpg 1024w, https:\/\/forstundgartenpflege.de\/wp-content\/uploads\/2020\/06\/Foto-18.05.19-09-08-40-1-300x225.jpg 300w, https:\/\/forstundgartenpflege.de\/wp-content\/uploads\/2020\/06\/Foto-18.05.19-09-08-40-1-768x576.jpg 768w, https:\/\/forstundgartenpflege.de\/wp-content\/uploads\/2020\/06\/Foto-18.05.19-09-08-40-1-1536x1152.jpg 1536w, https:\/\/forstundgartenpflege.de\/wp-content\/uploads\/2020\/06\/Foto-18.05.19-09-08-40-1-2048x1536.jpg 2048w\" sizes=\"auto, (max-width: 1024px) 100vw, 1024px\" \/><\/figure>\n\n\n\n<figure class=\"wp-block-image\"><img loading=\"lazy\" decoding=\"async\" width=\"1024\" height=\"577\" data-id=\"606\" src=\"https:\/\/forstundgartenpflege.de\/wp-content\/uploads\/2020\/06\/WhatsApp-Image-2020-06-08-at-06.31.53-7-3.jpeg\" alt=\"\" class=\"wp-image-606\" srcset=\"https:\/\/forstundgartenpflege.de\/wp-content\/uploads\/2020\/06\/WhatsApp-Image-2020-06-08-at-06.31.53-7-3.jpeg 1024w, https:\/\/forstundgartenpflege.de\/wp-content\/uploads\/2020\/06\/WhatsApp-Image-2020-06-08-at-06.31.53-7-3-300x169.jpeg 300w, https:\/\/forstundgartenpflege.de\/wp-content\/uploads\/2020\/06\/WhatsApp-Image-2020-06-08-at-06.31.53-7-3-768x433.jpeg 768w\" sizes=\"auto, (max-width: 1024px) 100vw, 1024px\" \/><\/figure>\n\n\n\n<figure class=\"wp-block-image\"><img loading=\"lazy\" decoding=\"async\" width=\"1024\" height=\"768\" data-id=\"600\" src=\"https:\/\/forstundgartenpflege.de\/wp-content\/uploads\/2020\/06\/WhatsApp-Image-2020-06-08-at-06.31.53-8-2.jpeg\" alt=\"\" class=\"wp-image-600\" srcset=\"https:\/\/forstundgartenpflege.de\/wp-content\/uploads\/2020\/06\/WhatsApp-Image-2020-06-08-at-06.31.53-8-2.jpeg 1024w, https:\/\/forstundgartenpflege.de\/wp-content\/uploads\/2020\/06\/WhatsApp-Image-2020-06-08-at-06.31.53-8-2-300x225.jpeg 300w, https:\/\/forstundgartenpflege.de\/wp-content\/uploads\/2020\/06\/WhatsApp-Image-2020-06-08-at-06.31.53-8-2-768x576.jpeg 768w\" sizes=\"auto, (max-width: 1024px) 100vw, 1024px\" \/><\/figure>\n<\/figure>\n","protected":false},"excerpt":{"rendered":"<p>Hierzu bieten wir Ihnen folgene Leistungen an: F\u00e4llung von B\u00e4umen Beseitigung von Sturmsch\u00e4den Entsorgung von \u00c4sten und Stammholz Verarbeitung von Stammholz zu Kaminholz Wurzelentfernung Baum- und Geh\u00f6lzpflanzungen<\/p>\n","protected":false},"author":1,"featured_media":0,"parent":0,"menu_order":0,"comment_status":"closed","ping_status":"closed","template":"","meta":{"footnotes":""},"class_list":["post-317","page","type-page","status-publish","hentry"],"_links":{"self":[{"href":"https:\/\/forstundgartenpflege.de\/index.php?rest_route=\/wp\/v2\/pages\/317","targetHints":{"allow":["GET"]}}],"collection":[{"href":"https:\/\/forstundgartenpflege.de\/index.php?rest_route=\/wp\/v2\/pages"}],"about":[{"href":"https:\/\/forstundgartenpflege.de\/index.php?rest_route=\/wp\/v2\/types\/page"}],"author":[{"embeddable":true,"href":"https:\/\/forstundgartenpflege.de\/index.php?rest_route=\/wp\/v2\/users\/1"}],"replies":[{"embeddable":true,"href":"https:\/\/forstundgartenpflege.de\/index.php?rest_route=%2Fwp%2Fv2%2Fcomments&post=317"}],"version-history":[{"count":13,"href":"https:\/\/forstundgartenpflege.de\/index.php?rest_route=\/wp\/v2\/pages\/317\/revisions"}],"predecessor-version":[{"id":664,"href":"https:\/\/forstundgartenpflege.de\/index.php?rest_route=\/wp\/v2\/pages\/317\/revisions\/664"}],"wp:attachment":[{"href":"https:\/\/forstundgartenpflege.de\/index.php?rest_route=%2Fwp%2Fv2%2Fmedia&parent=317"}],"curies":[{"name":"wp","href":"https:\/\/api.w.org\/{rel}","templated":true}]}}