{"id":379,"date":"2020-04-06T18:10:28","date_gmt":"2020-04-06T18:10:28","guid":{"rendered":"http:\/\/forstundgartenpflege.de\/?page_id=379"},"modified":"2020-06-08T05:43:56","modified_gmt":"2020-06-08T05:43:56","slug":"zaun-und-mauerbau","status":"publish","type":"page","link":"https:\/\/forstundgartenpflege.de\/?page_id=379","title":{"rendered":"Zaun- und Mauerbau"},"content":{"rendered":"\n<p><strong>Hierzu bieten wir Ihnen folgene Leistungen an:<\/strong><\/p>\n\n\n\n<ul class=\"wp-block-list\"><li>Demontage und Entsorgung vorhandener Z\u00e4une<\/li><li>Montage von Z\u00e4unen aus Holz oder Metall (z. B. Doppelstabmattenzaun)<\/li><li>Montage von WPC-Z\u00e4unen und WPC-Sichtschutzw\u00e4nden<\/li><li>Montage von Gartentoren<\/li><li>Setzen von Mauern aus Pflanzsteinen<\/li><\/ul>\n\n\n\n<figure class=\"wp-block-gallery columns-3 is-cropped wp-block-gallery-1 is-layout-flex wp-block-gallery-is-layout-flex\"><ul class=\"blocks-gallery-grid\"><li class=\"blocks-gallery-item\"><figure><img loading=\"lazy\" decoding=\"async\" width=\"1024\" height=\"576\" src=\"https:\/\/forstundgartenpflege.de\/wp-content\/uploads\/2020\/06\/Foto-15.10.18-15-27-05-1-1024x576.jpg\" alt=\"\" data-id=\"626\" data-link=\"https:\/\/forstundgartenpflege.de\/?attachment_id=626\" class=\"wp-image-626\" srcset=\"https:\/\/forstundgartenpflege.de\/wp-content\/uploads\/2020\/06\/Foto-15.10.18-15-27-05-1-1024x576.jpg 1024w, https:\/\/forstundgartenpflege.de\/wp-content\/uploads\/2020\/06\/Foto-15.10.18-15-27-05-1-300x169.jpg 300w, https:\/\/forstundgartenpflege.de\/wp-content\/uploads\/2020\/06\/Foto-15.10.18-15-27-05-1-768x432.jpg 768w, https:\/\/forstundgartenpflege.de\/wp-content\/uploads\/2020\/06\/Foto-15.10.18-15-27-05-1-1536x865.jpg 1536w, https:\/\/forstundgartenpflege.de\/wp-content\/uploads\/2020\/06\/Foto-15.10.18-15-27-05-1-2048x1153.jpg 2048w\" sizes=\"auto, (max-width: 1024px) 100vw, 1024px\" \/><\/figure><\/li><li class=\"blocks-gallery-item\"><figure><img loading=\"lazy\" decoding=\"async\" width=\"1024\" height=\"577\" src=\"https:\/\/forstundgartenpflege.de\/wp-content\/uploads\/2020\/06\/7481f18c-def4-4d1e-9d01-671541d342fe-1.jpg\" alt=\"\" data-id=\"622\" data-link=\"https:\/\/forstundgartenpflege.de\/?attachment_id=622\" class=\"wp-image-622\" srcset=\"https:\/\/forstundgartenpflege.de\/wp-content\/uploads\/2020\/06\/7481f18c-def4-4d1e-9d01-671541d342fe-1.jpg 1024w, https:\/\/forstundgartenpflege.de\/wp-content\/uploads\/2020\/06\/7481f18c-def4-4d1e-9d01-671541d342fe-1-300x169.jpg 300w, https:\/\/forstundgartenpflege.de\/wp-content\/uploads\/2020\/06\/7481f18c-def4-4d1e-9d01-671541d342fe-1-768x433.jpg 768w\" sizes=\"auto, (max-width: 1024px) 100vw, 1024px\" \/><\/figure><\/li><li class=\"blocks-gallery-item\"><figure><img loading=\"lazy\" decoding=\"async\" width=\"1024\" height=\"576\" src=\"https:\/\/forstundgartenpflege.de\/wp-content\/uploads\/2020\/06\/Foto-27.02.19-17-30-27-1-1024x576.jpg\" alt=\"\" data-id=\"623\" data-link=\"https:\/\/forstundgartenpflege.de\/?attachment_id=623\" class=\"wp-image-623\" srcset=\"https:\/\/forstundgartenpflege.de\/wp-content\/uploads\/2020\/06\/Foto-27.02.19-17-30-27-1-1024x576.jpg 1024w, https:\/\/forstundgartenpflege.de\/wp-content\/uploads\/2020\/06\/Foto-27.02.19-17-30-27-1-300x169.jpg 300w, https:\/\/forstundgartenpflege.de\/wp-content\/uploads\/2020\/06\/Foto-27.02.19-17-30-27-1-768x432.jpg 768w, https:\/\/forstundgartenpflege.de\/wp-content\/uploads\/2020\/06\/Foto-27.02.19-17-30-27-1-1536x865.jpg 1536w, https:\/\/forstundgartenpflege.de\/wp-content\/uploads\/2020\/06\/Foto-27.02.19-17-30-27-1-2048x1153.jpg 2048w\" sizes=\"auto, (max-width: 1024px) 100vw, 1024px\" \/><\/figure><\/li><li class=\"blocks-gallery-item\"><figure><img loading=\"lazy\" decoding=\"async\" width=\"1024\" height=\"768\" src=\"https:\/\/forstundgartenpflege.de\/wp-content\/uploads\/2020\/06\/Foto-30.03.19-15-56-29-1024x768.jpg\" alt=\"\" data-id=\"627\" data-link=\"https:\/\/forstundgartenpflege.de\/?attachment_id=627\" class=\"wp-image-627\" srcset=\"https:\/\/forstundgartenpflege.de\/wp-content\/uploads\/2020\/06\/Foto-30.03.19-15-56-29-1024x768.jpg 1024w, https:\/\/forstundgartenpflege.de\/wp-content\/uploads\/2020\/06\/Foto-30.03.19-15-56-29-300x225.jpg 300w, https:\/\/forstundgartenpflege.de\/wp-content\/uploads\/2020\/06\/Foto-30.03.19-15-56-29-768x576.jpg 768w, https:\/\/forstundgartenpflege.de\/wp-content\/uploads\/2020\/06\/Foto-30.03.19-15-56-29-1536x1152.jpg 1536w, https:\/\/forstundgartenpflege.de\/wp-content\/uploads\/2020\/06\/Foto-30.03.19-15-56-29-2048x1536.jpg 2048w\" sizes=\"auto, (max-width: 1024px) 100vw, 1024px\" \/><\/figure><\/li><li class=\"blocks-gallery-item\"><figure><img loading=\"lazy\" decoding=\"async\" width=\"1024\" height=\"768\" src=\"https:\/\/forstundgartenpflege.de\/wp-content\/uploads\/2020\/06\/629a552a-e44c-48a0-b98a-d0a4485f9070-3.jpg\" alt=\"\" data-id=\"633\" data-full-url=\"https:\/\/forstundgartenpflege.de\/wp-content\/uploads\/2020\/06\/629a552a-e44c-48a0-b98a-d0a4485f9070-3.jpg\" data-link=\"https:\/\/forstundgartenpflege.de\/?attachment_id=633\" class=\"wp-image-633\" srcset=\"https:\/\/forstundgartenpflege.de\/wp-content\/uploads\/2020\/06\/629a552a-e44c-48a0-b98a-d0a4485f9070-3.jpg 1024w, https:\/\/forstundgartenpflege.de\/wp-content\/uploads\/2020\/06\/629a552a-e44c-48a0-b98a-d0a4485f9070-3-300x225.jpg 300w, https:\/\/forstundgartenpflege.de\/wp-content\/uploads\/2020\/06\/629a552a-e44c-48a0-b98a-d0a4485f9070-3-768x576.jpg 768w\" sizes=\"auto, (max-width: 1024px) 100vw, 1024px\" \/><\/figure><\/li><\/ul><\/figure>\n\n\n\n<figure class=\"wp-block-gallery columns-3 is-cropped wp-block-gallery-2 is-layout-flex wp-block-gallery-is-layout-flex\"><ul class=\"blocks-gallery-grid\"><li class=\"blocks-gallery-item\"><figure><img loading=\"lazy\" decoding=\"async\" width=\"1024\" height=\"768\" src=\"https:\/\/forstundgartenpflege.de\/wp-content\/uploads\/2020\/06\/Foto-29.02.20-15-42-23-1024x768.jpg\" alt=\"\" data-id=\"635\" data-link=\"https:\/\/forstundgartenpflege.de\/?attachment_id=635\" class=\"wp-image-635\" srcset=\"https:\/\/forstundgartenpflege.de\/wp-content\/uploads\/2020\/06\/Foto-29.02.20-15-42-23-1024x768.jpg 1024w, https:\/\/forstundgartenpflege.de\/wp-content\/uploads\/2020\/06\/Foto-29.02.20-15-42-23-300x225.jpg 300w, https:\/\/forstundgartenpflege.de\/wp-content\/uploads\/2020\/06\/Foto-29.02.20-15-42-23-768x576.jpg 768w, https:\/\/forstundgartenpflege.de\/wp-content\/uploads\/2020\/06\/Foto-29.02.20-15-42-23-1536x1152.jpg 1536w, https:\/\/forstundgartenpflege.de\/wp-content\/uploads\/2020\/06\/Foto-29.02.20-15-42-23-2048x1536.jpg 2048w\" sizes=\"auto, (max-width: 1024px) 100vw, 1024px\" \/><\/figure><\/li><li class=\"blocks-gallery-item\"><figure><img loading=\"lazy\" decoding=\"async\" width=\"1024\" height=\"768\" src=\"https:\/\/forstundgartenpflege.de\/wp-content\/uploads\/2020\/06\/Foto-29.02.20-15-41-56-1024x768.jpg\" alt=\"\" data-id=\"630\" data-link=\"https:\/\/forstundgartenpflege.de\/?attachment_id=630\" class=\"wp-image-630\" srcset=\"https:\/\/forstundgartenpflege.de\/wp-content\/uploads\/2020\/06\/Foto-29.02.20-15-41-56-1024x768.jpg 1024w, https:\/\/forstundgartenpflege.de\/wp-content\/uploads\/2020\/06\/Foto-29.02.20-15-41-56-300x225.jpg 300w, https:\/\/forstundgartenpflege.de\/wp-content\/uploads\/2020\/06\/Foto-29.02.20-15-41-56-768x576.jpg 768w, https:\/\/forstundgartenpflege.de\/wp-content\/uploads\/2020\/06\/Foto-29.02.20-15-41-56-1536x1152.jpg 1536w, https:\/\/forstundgartenpflege.de\/wp-content\/uploads\/2020\/06\/Foto-29.02.20-15-41-56-2048x1536.jpg 2048w\" sizes=\"auto, (max-width: 1024px) 100vw, 1024px\" \/><\/figure><\/li><li class=\"blocks-gallery-item\"><figure><img loading=\"lazy\" decoding=\"async\" width=\"1024\" height=\"768\" src=\"https:\/\/forstundgartenpflege.de\/wp-content\/uploads\/2020\/06\/Foto-29.02.20-15-42-11-1024x768.jpg\" alt=\"\" data-id=\"634\" data-link=\"https:\/\/forstundgartenpflege.de\/?attachment_id=634\" class=\"wp-image-634\" srcset=\"https:\/\/forstundgartenpflege.de\/wp-content\/uploads\/2020\/06\/Foto-29.02.20-15-42-11-1024x768.jpg 1024w, https:\/\/forstundgartenpflege.de\/wp-content\/uploads\/2020\/06\/Foto-29.02.20-15-42-11-300x225.jpg 300w, https:\/\/forstundgartenpflege.de\/wp-content\/uploads\/2020\/06\/Foto-29.02.20-15-42-11-768x576.jpg 768w, https:\/\/forstundgartenpflege.de\/wp-content\/uploads\/2020\/06\/Foto-29.02.20-15-42-11-1536x1152.jpg 1536w, https:\/\/forstundgartenpflege.de\/wp-content\/uploads\/2020\/06\/Foto-29.02.20-15-42-11-2048x1536.jpg 2048w\" sizes=\"auto, (max-width: 1024px) 100vw, 1024px\" \/><\/figure><\/li><li class=\"blocks-gallery-item\"><figure><img loading=\"lazy\" decoding=\"async\" width=\"1024\" height=\"768\" src=\"https:\/\/forstundgartenpflege.de\/wp-content\/uploads\/2020\/06\/WhatsApp-Image-2020-06-08-at-06.31.53-12-1.jpeg\" alt=\"\" data-id=\"638\" data-link=\"https:\/\/forstundgartenpflege.de\/?attachment_id=638\" class=\"wp-image-638\" srcset=\"https:\/\/forstundgartenpflege.de\/wp-content\/uploads\/2020\/06\/WhatsApp-Image-2020-06-08-at-06.31.53-12-1.jpeg 1024w, https:\/\/forstundgartenpflege.de\/wp-content\/uploads\/2020\/06\/WhatsApp-Image-2020-06-08-at-06.31.53-12-1-300x225.jpeg 300w, https:\/\/forstundgartenpflege.de\/wp-content\/uploads\/2020\/06\/WhatsApp-Image-2020-06-08-at-06.31.53-12-1-768x576.jpeg 768w\" sizes=\"auto, (max-width: 1024px) 100vw, 1024px\" \/><\/figure><\/li><li class=\"blocks-gallery-item\"><figure><img loading=\"lazy\" decoding=\"async\" width=\"1024\" height=\"768\" src=\"https:\/\/forstundgartenpflege.de\/wp-content\/uploads\/2020\/06\/WhatsApp-Image-2020-06-08-at-06.31.53-13-2.jpeg\" alt=\"\" data-id=\"639\" data-full-url=\"https:\/\/forstundgartenpflege.de\/wp-content\/uploads\/2020\/06\/WhatsApp-Image-2020-06-08-at-06.31.53-13-2.jpeg\" data-link=\"https:\/\/forstundgartenpflege.de\/?attachment_id=639\" class=\"wp-image-639\" srcset=\"https:\/\/forstundgartenpflege.de\/wp-content\/uploads\/2020\/06\/WhatsApp-Image-2020-06-08-at-06.31.53-13-2.jpeg 1024w, https:\/\/forstundgartenpflege.de\/wp-content\/uploads\/2020\/06\/WhatsApp-Image-2020-06-08-at-06.31.53-13-2-300x225.jpeg 300w, https:\/\/forstundgartenpflege.de\/wp-content\/uploads\/2020\/06\/WhatsApp-Image-2020-06-08-at-06.31.53-13-2-768x576.jpeg 768w\" sizes=\"auto, (max-width: 1024px) 100vw, 1024px\" \/><\/figure><\/li><li class=\"blocks-gallery-item\"><figure><img loading=\"lazy\" decoding=\"async\" width=\"1024\" height=\"768\" src=\"https:\/\/forstundgartenpflege.de\/wp-content\/uploads\/2020\/06\/WhatsApp-Image-2020-06-08-at-06.31.53-15.jpeg\" alt=\"\" data-id=\"629\" data-link=\"https:\/\/forstundgartenpflege.de\/?attachment_id=629\" class=\"wp-image-629\" srcset=\"https:\/\/forstundgartenpflege.de\/wp-content\/uploads\/2020\/06\/WhatsApp-Image-2020-06-08-at-06.31.53-15.jpeg 1024w, https:\/\/forstundgartenpflege.de\/wp-content\/uploads\/2020\/06\/WhatsApp-Image-2020-06-08-at-06.31.53-15-300x225.jpeg 300w, https:\/\/forstundgartenpflege.de\/wp-content\/uploads\/2020\/06\/WhatsApp-Image-2020-06-08-at-06.31.53-15-768x576.jpeg 768w\" sizes=\"auto, (max-width: 1024px) 100vw, 1024px\" \/><\/figure><\/li><\/ul><\/figure>\n","protected":false},"excerpt":{"rendered":"<p>Hierzu bieten wir Ihnen folgene Leistungen an: Demontage und Entsorgung vorhandener Z\u00e4une Montage von Z\u00e4unen aus Holz oder Metall (z. B. Doppelstabmattenzaun) Montage von WPC-Z\u00e4unen und WPC-Sichtschutzw\u00e4nden Montage von Gartentoren Setzen von Mauern aus Pflanzsteinen<\/p>\n","protected":false},"author":2,"featured_media":0,"parent":0,"menu_order":0,"comment_status":"closed","ping_status":"closed","template":"","meta":{"footnotes":""},"class_list":["post-379","page","type-page","status-publish","hentry"],"_links":{"self":[{"href":"https:\/\/forstundgartenpflege.de\/index.php?rest_route=\/wp\/v2\/pages\/379","targetHints":{"allow":["GET"]}}],"collection":[{"href":"https:\/\/forstundgartenpflege.de\/index.php?rest_route=\/wp\/v2\/pages"}],"about":[{"href":"https:\/\/forstundgartenpflege.de\/index.php?rest_route=\/wp\/v2\/types\/page"}],"author":[{"embeddable":true,"href":"https:\/\/forstundgartenpflege.de\/index.php?rest_route=\/wp\/v2\/users\/2"}],"replies":[{"embeddable":true,"href":"https:\/\/forstundgartenpflege.de\/index.php?rest_route=%2Fwp%2Fv2%2Fcomments&post=379"}],"version-history":[{"count":8,"href":"https:\/\/forstundgartenpflege.de\/index.php?rest_route=\/wp\/v2\/pages\/379\/revisions"}],"predecessor-version":[{"id":640,"href":"https:\/\/forstundgartenpflege.de\/index.php?rest_route=\/wp\/v2\/pages\/379\/revisions\/640"}],"wp:attachment":[{"href":"https:\/\/forstundgartenpflege.de\/index.php?rest_route=%2Fwp%2Fv2%2Fmedia&parent=379"}],"curies":[{"name":"wp","href":"https:\/\/api.w.org\/{rel}","templated":true}]}}